{"id":258,"date":"2024-12-17T18:09:26","date_gmt":"2024-12-17T18:09:26","guid":{"rendered":"https:\/\/kosmetikbysara.ch\/?page_id=258"},"modified":"2025-01-04T19:14:16","modified_gmt":"2025-01-04T19:14:16","slug":"home","status":"publish","type":"page","link":"https:\/\/kosmetikbysara.ch\/","title":{"rendered":"HOME"},"content":{"rendered":"\t\t<div data-elementor-type=\"wp-page\" data-elementor-id=\"258\" class=\"elementor elementor-258\">\n\t\t\t\t\t\t<section class=\"elementor-section elementor-top-section elementor-element elementor-element-7e4c3d9 elementor-section-height-min-height elementor-hidden-tablet elementor-hidden-mobile elementor-section-boxed elementor-section-height-default elementor-section-items-middle\" data-id=\"7e4c3d9\" data-element_type=\"section\">\n\t\t\t\t\t\t<div class=\"elementor-container elementor-column-gap-default\">\n\t\t\t\t\t<div class=\"elementor-column elementor-col-100 elementor-top-column elementor-element elementor-element-aaa361e\" data-id=\"aaa361e\" data-element_type=\"column\">\n\t\t\t<div class=\"elementor-widget-wrap elementor-element-populated\">\n\t\t\t\t\t\t<div class=\"elementor-element elementor-element-3cbe965 elementor-widget elementor-widget-shortcode\" data-id=\"3cbe965\" data-element_type=\"widget\" data-widget_type=\"shortcode.default\">\n\t\t\t\t<div class=\"elementor-widget-container\">\n\t\t\t\t\t\t\t<div class=\"elementor-shortcode\"><\/div>\n\t\t\t\t\t\t<\/div>\n\t\t\t\t<\/div>\n\t\t\t\t\t<\/div>\n\t\t<\/div>\n\t\t\t\t\t<\/div>\n\t\t<\/section>\n\t\t\t\t<section class=\"elementor-section elementor-top-section elementor-element elementor-element-62e3905 elementor-section-height-min-height elementor-hidden-desktop elementor-section-boxed elementor-section-height-default elementor-section-items-middle\" data-id=\"62e3905\" data-element_type=\"section\">\n\t\t\t\t\t\t<div class=\"elementor-container elementor-column-gap-default\">\n\t\t\t\t\t<div class=\"elementor-column elementor-col-100 elementor-top-column elementor-element elementor-element-5a9c956\" data-id=\"5a9c956\" data-element_type=\"column\">\n\t\t\t<div class=\"elementor-widget-wrap elementor-element-populated\">\n\t\t\t\t\t\t<div class=\"elementor-element elementor-element-23befe3 elementor-widget elementor-widget-shortcode\" data-id=\"23befe3\" data-element_type=\"widget\" data-widget_type=\"shortcode.default\">\n\t\t\t\t<div class=\"elementor-widget-container\">\n\t\t\t\t\t\t\t<div class=\"elementor-shortcode\"><\/div>\n\t\t\t\t\t\t<\/div>\n\t\t\t\t<\/div>\n\t\t\t\t\t<\/div>\n\t\t<\/div>\n\t\t\t\t\t<\/div>\n\t\t<\/section>\n\t\t\t\t<section class=\"elementor-section elementor-top-section elementor-element elementor-element-212247b elementor-section-boxed elementor-section-height-default elementor-section-height-default\" data-id=\"212247b\" data-element_type=\"section\">\n\t\t\t\t\t\t<div class=\"elementor-container elementor-column-gap-default\">\n\t\t\t\t\t<div class=\"elementor-column elementor-col-33 elementor-top-column elementor-element elementor-element-e3d98ce\" data-id=\"e3d98ce\" data-element_type=\"column\">\n\t\t\t<div class=\"elementor-widget-wrap elementor-element-populated\">\n\t\t\t\t\t\t<div class=\"elementor-element elementor-element-2aa7c65 elementor-position-top elementor-widget elementor-widget-image-box\" data-id=\"2aa7c65\" data-element_type=\"widget\" data-widget_type=\"image-box.default\">\n\t\t\t\t<div class=\"elementor-widget-container\">\n\t\t\t\t\t<div class=\"elementor-image-box-wrapper\"><figure class=\"elementor-image-box-img\"><a href=\"https:\/\/kosmetikbysara.ch\/?page_id=397\" tabindex=\"-1\"><img decoding=\"async\" src=\"https:\/\/kosmetikbysara.ch\/wp-content\/uploads\/elementor\/thumbs\/Dienstleistung_HandFusspflege-qynknnmtlvt9zuqhoo2qakw6i7cxcja106im2dh2kg.jpg\" title=\"Dienstleistung_HandFusspflege\" alt=\"Dienstleistung_HandFusspflege\" loading=\"lazy\" \/><\/a><\/figure><div class=\"elementor-image-box-content\"><h3 class=\"elementor-image-box-title\"><a href=\"https:\/\/kosmetikbysara.ch\/?page_id=397\"> Hand- & Fusspflege<\/a><\/h3><p class=\"elementor-image-box-description\"><a style=\"color:#334154;\" href=\"https:\/\/kosmetikbysara.ch\/?page_id=397\">Hand- und Fusspflege mit Paraffin, Peeling und Massage: Nach einem Peeling werden H\u00e4nde und F\u00fcsse gr\u00fcndlich in einem Hand- oder Fussbad gereinigt. Anschliessend erfolgt ein angenehmes Paraffinbad, welches die Haut weich macht. <\/a><\/p><\/div><\/div>\t\t\t\t<\/div>\n\t\t\t\t<\/div>\n\t\t\t\t\t<\/div>\n\t\t<\/div>\n\t\t\t\t<div class=\"elementor-column elementor-col-33 elementor-top-column elementor-element elementor-element-d7505b3\" data-id=\"d7505b3\" data-element_type=\"column\">\n\t\t\t<div class=\"elementor-widget-wrap elementor-element-populated\">\n\t\t\t\t\t\t<div class=\"elementor-element elementor-element-7006c7f elementor-position-top elementor-widget elementor-widget-image-box\" data-id=\"7006c7f\" data-element_type=\"widget\" data-widget_type=\"image-box.default\">\n\t\t\t\t<div class=\"elementor-widget-container\">\n\t\t\t\t\t<div class=\"elementor-image-box-wrapper\"><figure class=\"elementor-image-box-img\"><a href=\"https:\/\/kosmetikbysara.ch\/?page_id=398\" tabindex=\"-1\"><img decoding=\"async\" src=\"https:\/\/kosmetikbysara.ch\/wp-content\/uploads\/elementor\/thumbs\/Dienstleistung_Gesichtspflege-qynko1qegecku060ec64tzc3ezffjzu024aw9iw5z4.jpg\" title=\"Dienstleistung_Gesichtspflege\" alt=\"Dienstleistung_Gesichtspflege\" loading=\"lazy\" \/><\/a><\/figure><div class=\"elementor-image-box-content\"><h3 class=\"elementor-image-box-title\"><a href=\"https:\/\/kosmetikbysara.ch\/?page_id=398\">Gesichtspflege<\/a><\/h3><p class=\"elementor-image-box-description\"><a style=\"color:#334154;\" href=\"https:\/\/kosmetikbysara.ch\/?page_id=398\">M\u00f6chten Sie eine Gesichtsbehandlung geniessen, dann sind Sie bei uns an der richtigen Adresse. Wir bieten Ihnen verschiedene Behandlungen.<\/a><\/p><\/div><\/div>\t\t\t\t<\/div>\n\t\t\t\t<\/div>\n\t\t\t\t\t<\/div>\n\t\t<\/div>\n\t\t\t\t<div class=\"elementor-column elementor-col-33 elementor-top-column elementor-element elementor-element-58e099c\" data-id=\"58e099c\" data-element_type=\"column\">\n\t\t\t<div class=\"elementor-widget-wrap elementor-element-populated\">\n\t\t\t\t\t\t<div class=\"elementor-element elementor-element-a2df9b6 elementor-widget__width-initial elementor-position-top elementor-widget elementor-widget-image-box\" data-id=\"a2df9b6\" data-element_type=\"widget\" data-widget_type=\"image-box.default\">\n\t\t\t\t<div class=\"elementor-widget-container\">\n\t\t\t\t\t<div class=\"elementor-image-box-wrapper\"><figure class=\"elementor-image-box-img\"><a href=\"https:\/\/kosmetikbysara.ch\/?page_id=399\" tabindex=\"-1\"><img decoding=\"async\" src=\"https:\/\/kosmetikbysara.ch\/wp-content\/uploads\/elementor\/thumbs\/Dienstleistung_Naegel-qynkoew542ulcjmw9huwsw0jqdmkjra8rxfozecnk0.jpg\" title=\"Dienstleistung_Naegel\" alt=\"Dienstleistung_Naegel\" loading=\"lazy\" \/><\/a><\/figure><div class=\"elementor-image-box-content\"><h3 class=\"elementor-image-box-title\"><a href=\"https:\/\/kosmetikbysara.ch\/?page_id=399\">N\u00e4gel<\/a><\/h3><p class=\"elementor-image-box-description\"><a style=\"color:#334154;\" href=\"https:\/\/kosmetikbysara.ch\/?page_id=399\">Was gibt es wichtigeres als sch\u00f6ne gepflegte N\u00e4gel. Wir bieten Ihnen vom Nagellack \u00fcber den Gellack bis hin zum Gel N\u00e4gel Starter Set<\/a><\/p><\/div><\/div>\t\t\t\t<\/div>\n\t\t\t\t<\/div>\n\t\t\t\t\t<\/div>\n\t\t<\/div>\n\t\t\t\t\t<\/div>\n\t\t<\/section>\n\t\t\t\t<section class=\"elementor-section elementor-top-section elementor-element elementor-element-48d8976 elementor-section-boxed elementor-section-height-default elementor-section-height-default\" data-id=\"48d8976\" data-element_type=\"section\">\n\t\t\t\t\t\t<div class=\"elementor-container elementor-column-gap-default\">\n\t\t\t\t\t<div class=\"elementor-column elementor-col-33 elementor-top-column elementor-element elementor-element-c6e2b25\" data-id=\"c6e2b25\" data-element_type=\"column\">\n\t\t\t<div class=\"elementor-widget-wrap elementor-element-populated\">\n\t\t\t\t\t\t<div class=\"elementor-element elementor-element-a51e8f5 elementor-widget__width-initial elementor-position-top elementor-widget elementor-widget-image-box\" data-id=\"a51e8f5\" data-element_type=\"widget\" data-widget_type=\"image-box.default\">\n\t\t\t\t<div class=\"elementor-widget-container\">\n\t\t\t\t\t<div class=\"elementor-image-box-wrapper\"><figure class=\"elementor-image-box-img\"><a href=\"https:\/\/kosmetikbysara.ch\/?page_id=400\" tabindex=\"-1\"><img decoding=\"async\" src=\"https:\/\/kosmetikbysara.ch\/wp-content\/uploads\/elementor\/thumbs\/Dienstleistung_Makeup-qynkp2e3uxqxjrw1r3mblcu2p5y09ygvz7e6l7cay4.jpg\" title=\"Dienstleistung_Makeup\" alt=\"Dienstleistung_Makeup\" loading=\"lazy\" \/><\/a><\/figure><div class=\"elementor-image-box-content\"><h3 class=\"elementor-image-box-title\"><a href=\"https:\/\/kosmetikbysara.ch\/?page_id=400\">Make-up<\/a><\/h3><p class=\"elementor-image-box-description\"><a style=\"color:#334154;\" href=\"https:\/\/kosmetikbysara.ch\/?page_id=400\">Planen Sie eine Hochzeit oder m\u00f6chten Sie f\u00fcr einen speziellen Anlass noch sch\u00f6ner Aussehen? <\/a><\/p><\/div><\/div>\t\t\t\t<\/div>\n\t\t\t\t<\/div>\n\t\t\t\t\t<\/div>\n\t\t<\/div>\n\t\t\t\t<div class=\"elementor-column elementor-col-33 elementor-top-column elementor-element elementor-element-408dd1b\" data-id=\"408dd1b\" data-element_type=\"column\">\n\t\t\t<div class=\"elementor-widget-wrap elementor-element-populated\">\n\t\t\t\t\t\t<div class=\"elementor-element elementor-element-58b781f elementor-widget__width-initial elementor-position-top elementor-widget elementor-widget-image-box\" data-id=\"58b781f\" data-element_type=\"widget\" data-widget_type=\"image-box.default\">\n\t\t\t\t<div class=\"elementor-widget-container\">\n\t\t\t\t\t<div class=\"elementor-image-box-wrapper\"><figure class=\"elementor-image-box-img\"><a href=\"https:\/\/kosmetikbysara.ch\/?page_id=405\" tabindex=\"-1\"><img decoding=\"async\" src=\"https:\/\/kosmetikbysara.ch\/wp-content\/uploads\/elementor\/thumbs\/Dienstleistung_Haarentfernung-qynkpzagkbxnwz5ls7dhcgsiuve40gf7w5g41ph3b6.jpg\" title=\"Dienstleistung_Haarentfernung\" alt=\"Dienstleistung_Haarentfernung\" loading=\"lazy\" \/><\/a><\/figure><div class=\"elementor-image-box-content\"><h3 class=\"elementor-image-box-title\"><a href=\"https:\/\/kosmetikbysara.ch\/?page_id=405\">Haarentfernung<\/a><\/h3><p class=\"elementor-image-box-description\"><a style=\"color:#334154;\" href=\"https:\/\/kosmetikbysara.ch\/?page_id=405\">M\u00f6chten Sie sich f\u00fcr den Sommer vorbereiten und eine glatte sch\u00f6ne Haut haben?<\/a><\/p><\/div><\/div>\t\t\t\t<\/div>\n\t\t\t\t<\/div>\n\t\t\t\t\t<\/div>\n\t\t<\/div>\n\t\t\t\t<div class=\"elementor-column elementor-col-33 elementor-top-column elementor-element elementor-element-da0308e\" data-id=\"da0308e\" data-element_type=\"column\">\n\t\t\t<div class=\"elementor-widget-wrap elementor-element-populated\">\n\t\t\t\t\t\t<div class=\"elementor-element elementor-element-1c46f35 elementor-widget__width-initial elementor-position-top elementor-widget elementor-widget-image-box\" data-id=\"1c46f35\" data-element_type=\"widget\" data-widget_type=\"image-box.default\">\n\t\t\t\t<div class=\"elementor-widget-container\">\n\t\t\t\t\t<div class=\"elementor-image-box-wrapper\"><figure class=\"elementor-image-box-img\"><a href=\"https:\/\/kosmetikbysara.ch\/?page_id=407\" tabindex=\"-1\"><img decoding=\"async\" src=\"https:\/\/kosmetikbysara.ch\/wp-content\/uploads\/elementor\/thumbs\/AdobeStock_38108175-qynkpjb79yfeex3bz9w9gkze9y2a21vs0jrxvznnmw.jpg\" title=\"Calla lila\" alt=\"Calla lila\" loading=\"lazy\" \/><\/a><\/figure><div class=\"elementor-image-box-content\"><h3 class=\"elementor-image-box-title\"><a href=\"https:\/\/kosmetikbysara.ch\/?page_id=407\">Preise<\/a><\/h3><p class=\"elementor-image-box-description\"><a style=\"color:#334154;\" href=\"https:\/\/kosmetikbysara.ch\/?page_id=407\">Hier geht's zur Peisliste<\/a><\/p><\/div><\/div>\t\t\t\t<\/div>\n\t\t\t\t<\/div>\n\t\t\t\t\t<\/div>\n\t\t<\/div>\n\t\t\t\t\t<\/div>\n\t\t<\/section>\n\t\t\t\t<section class=\"elementor-section elementor-top-section elementor-element elementor-element-bd4f98c elementor-section-boxed elementor-section-height-default elementor-section-height-default\" data-id=\"bd4f98c\" data-element_type=\"section\" data-settings=\"{&quot;background_background&quot;:&quot;classic&quot;}\">\n\t\t\t\t\t\t<div class=\"elementor-container elementor-column-gap-default\">\n\t\t\t\t\t<div class=\"elementor-column elementor-col-100 elementor-top-column elementor-element elementor-element-5f47e1c\" data-id=\"5f47e1c\" data-element_type=\"column\">\n\t\t\t<div class=\"elementor-widget-wrap elementor-element-populated\">\n\t\t\t\t\t\t<div class=\"elementor-element elementor-element-192b2dd elementor-widget elementor-widget-heading\" data-id=\"192b2dd\" data-element_type=\"widget\" data-widget_type=\"heading.default\">\n\t\t\t\t<div class=\"elementor-widget-container\">\n\t\t\t\t\t<h2 class=\"elementor-heading-title elementor-size-default\">Buchen Sie einen Termin<\/h2>\t\t\t\t<\/div>\n\t\t\t\t<\/div>\n\t\t\t\t<div class=\"elementor-element elementor-element-635fd84 elementor-widget elementor-widget-shortcode\" data-id=\"635fd84\" data-element_type=\"widget\" data-widget_type=\"shortcode.default\">\n\t\t\t\t<div class=\"elementor-widget-container\">\n\t\t\t\t\t\t\t<div class=\"elementor-shortcode\">\n<div class=\"wpcf7 no-js\" id=\"wpcf7-f192-o1\" lang=\"en-US\" dir=\"ltr\" data-wpcf7-id=\"192\">\n<div class=\"screen-reader-response\"><p role=\"status\" aria-live=\"polite\" aria-atomic=\"true\"><\/p> <ul><\/ul><\/div>\n<form action=\"\/index.php?rest_route=%2Fwp%2Fv2%2Fpages%2F258#wpcf7-f192-o1\" method=\"post\" class=\"wpcf7-form init\" aria-label=\"Contact form\" novalidate=\"novalidate\" data-status=\"init\">\n<div style=\"display: none;\">\n<input type=\"hidden\" name=\"_wpcf7\" value=\"192\" \/>\n<input type=\"hidden\" name=\"_wpcf7_version\" value=\"6.0.1\" \/>\n<input type=\"hidden\" name=\"_wpcf7_locale\" value=\"en_US\" \/>\n<input type=\"hidden\" name=\"_wpcf7_unit_tag\" value=\"wpcf7-f192-o1\" \/>\n<input type=\"hidden\" name=\"_wpcf7_container_post\" value=\"0\" \/>\n<input type=\"hidden\" name=\"_wpcf7_posted_data_hash\" value=\"\" \/>\n<input type=\"hidden\" name=\"_wpcf7_recaptcha_response\" value=\"\" \/>\n<\/div>\n<div class=\"c-grid\">\n\t<div>\n\t\t<p><label><span class=\"wpcf7-form-control-wrap\" data-name=\"text-77\"><input size=\"40\" maxlength=\"400\" class=\"wpcf7-form-control wpcf7-text wpcf7-validates-as-required\" aria-required=\"true\" aria-invalid=\"false\" placeholder=\"Vorname*\" value=\"\" type=\"text\" name=\"text-77\" \/><\/span> <\/label><br \/>\n<label><span class=\"wpcf7-form-control-wrap\" data-name=\"email-524\"><input size=\"40\" maxlength=\"400\" class=\"wpcf7-form-control wpcf7-email wpcf7-validates-as-required wpcf7-text wpcf7-validates-as-email\" aria-required=\"true\" aria-invalid=\"false\" placeholder=\"Email\" value=\"\" type=\"email\" name=\"email-524\" \/><\/span> <\/label>\n\t\t<\/p>\n\t<\/div>\n\t<div>\n\t\t<p><label><span class=\"wpcf7-form-control-wrap\" data-name=\"text-76\"><input size=\"40\" maxlength=\"400\" class=\"wpcf7-form-control wpcf7-text wpcf7-validates-as-required\" aria-required=\"true\" aria-invalid=\"false\" placeholder=\"Name*\" value=\"\" type=\"text\" name=\"text-76\" \/><\/span> <\/label><br \/>\n<label><span class=\"wpcf7-form-control-wrap\" data-name=\"tel-60\"><input size=\"40\" maxlength=\"400\" class=\"wpcf7-form-control wpcf7-tel wpcf7-text wpcf7-validates-as-tel\" aria-invalid=\"false\" placeholder=\"Telefon\" value=\"\" type=\"tel\" name=\"tel-60\" \/><\/span> <\/label>\n\t\t<\/p>\n\t<\/div>\n\t<div>\n\t\t<p><label>Gew\u00fcnschtes Datum:<span class=\"wpcf7-form-control-wrap\" data-name=\"date-972\"><input class=\"wpcf7-form-control wpcf7-date wpcf7-validates-as-required wpcf7-validates-as-date\" aria-required=\"true\" aria-invalid=\"false\" value=\"\" type=\"date\" name=\"date-972\" \/><\/span><\/label>\n\t\t<\/p>\n\t<\/div>\n\t<div>\n\t\t<p><label>Gew\u00fcnschte Zeit:<span class=\"wpcf7-form-control-wrap\" data-name=\"text-76\"><input size=\"40\" maxlength=\"400\" class=\"wpcf7-form-control wpcf7-text\" aria-invalid=\"false\" placeholder=\"\" value=\"\" type=\"text\" name=\"text-76\" \/><\/span> <\/label>\n\t\t<\/p>\n\t<\/div>\n<\/div>\n<p><label><span class=\"wpcf7-form-control-wrap\" data-name=\"textarea-140\"><textarea cols=\"40\" rows=\"10\" maxlength=\"2000\" class=\"wpcf7-form-control wpcf7-textarea wpcf7-validates-as-required\" aria-required=\"true\" aria-invalid=\"false\" placeholder=\"Ihre Nachricht\" name=\"textarea-140\"><\/textarea><\/span> <\/label>\n<\/p>\n<p><input class=\"wpcf7-form-control wpcf7-submit has-spinner\" type=\"submit\" value=\"absenden\" \/>\n<\/p><div class=\"wpcf7-response-output\" aria-hidden=\"true\"><\/div>\n<\/form>\n<\/div>\n<\/div>\n\t\t\t\t\t\t<\/div>\n\t\t\t\t<\/div>\n\t\t\t\t\t<\/div>\n\t\t<\/div>\n\t\t\t\t\t<\/div>\n\t\t<\/section>\n\t\t\t\t<section class=\"elementor-section elementor-top-section elementor-element elementor-element-cdafd63 elementor-section-height-min-height elementor-section-boxed elementor-section-height-default elementor-section-items-middle\" data-id=\"cdafd63\" data-element_type=\"section\" data-settings=\"{&quot;background_background&quot;:&quot;classic&quot;}\">\n\t\t\t\t\t\t<div class=\"elementor-container elementor-column-gap-default\">\n\t\t\t\t\t<div class=\"elementor-column elementor-col-100 elementor-top-column elementor-element elementor-element-6165184\" data-id=\"6165184\" data-element_type=\"column\">\n\t\t\t<div class=\"elementor-widget-wrap\">\n\t\t\t\t\t\t\t<\/div>\n\t\t<\/div>\n\t\t\t\t\t<\/div>\n\t\t<\/section>\n\t\t\t\t<section class=\"elementor-section elementor-top-section elementor-element elementor-element-0edc4de elementor-section-height-min-height elementor-section-boxed elementor-section-height-default elementor-section-items-middle\" data-id=\"0edc4de\" data-element_type=\"section\" data-settings=\"{&quot;background_background&quot;:&quot;classic&quot;}\">\n\t\t\t\t\t\t<div class=\"elementor-container elementor-column-gap-default\">\n\t\t\t\t\t<div class=\"elementor-column elementor-col-100 elementor-top-column elementor-element elementor-element-33b99e1\" data-id=\"33b99e1\" data-element_type=\"column\">\n\t\t\t<div class=\"elementor-widget-wrap elementor-element-populated\">\n\t\t\t\t\t\t<div class=\"elementor-element elementor-element-197f63c elementor-widget elementor-widget-heading\" data-id=\"197f63c\" data-element_type=\"widget\" data-widget_type=\"heading.default\">\n\t\t\t\t<div class=\"elementor-widget-container\">\n\t\t\t\t\t<h2 class=\"elementor-heading-title elementor-size-default\">Produkte<\/h2>\t\t\t\t<\/div>\n\t\t\t\t<\/div>\n\t\t\t\t<section class=\"elementor-section elementor-inner-section elementor-element elementor-element-7df1bb5 elementor-section-boxed elementor-section-height-default elementor-section-height-default\" data-id=\"7df1bb5\" data-element_type=\"section\">\n\t\t\t\t\t\t<div class=\"elementor-container elementor-column-gap-default\">\n\t\t\t\t\t<div class=\"elementor-column elementor-col-33 elementor-inner-column elementor-element elementor-element-d38fcec\" data-id=\"d38fcec\" data-element_type=\"column\">\n\t\t\t<div class=\"elementor-widget-wrap elementor-element-populated\">\n\t\t\t\t\t\t<div class=\"elementor-element elementor-element-2518f24 elementor-widget elementor-widget-image\" data-id=\"2518f24\" data-element_type=\"widget\" data-widget_type=\"image.default\">\n\t\t\t\t<div class=\"elementor-widget-container\">\n\t\t\t\t\t\t\t\t\t\t\t\t\t\t\t<img fetchpriority=\"high\" decoding=\"async\" width=\"300\" height=\"235\" src=\"https:\/\/kosmetikbysara.ch\/wp-content\/uploads\/2024\/12\/prod1-300x235.png\" class=\"attachment-medium size-medium wp-image-308\" alt=\"\" \/>\t\t\t\t\t\t\t\t\t\t\t\t\t\t\t<\/div>\n\t\t\t\t<\/div>\n\t\t\t\t\t<\/div>\n\t\t<\/div>\n\t\t\t\t<div class=\"elementor-column elementor-col-33 elementor-inner-column elementor-element elementor-element-0d9afee\" data-id=\"0d9afee\" data-element_type=\"column\">\n\t\t\t<div class=\"elementor-widget-wrap elementor-element-populated\">\n\t\t\t\t\t\t<div class=\"elementor-element elementor-element-4a737e0 elementor-widget elementor-widget-image\" data-id=\"4a737e0\" data-element_type=\"widget\" data-widget_type=\"image.default\">\n\t\t\t\t<div class=\"elementor-widget-container\">\n\t\t\t\t\t\t\t\t\t\t\t\t\t\t\t<img decoding=\"async\" width=\"300\" height=\"235\" src=\"https:\/\/kosmetikbysara.ch\/wp-content\/uploads\/2024\/12\/prod2-300x235.png\" class=\"attachment-medium size-medium wp-image-307\" alt=\"\" \/>\t\t\t\t\t\t\t\t\t\t\t\t\t\t\t<\/div>\n\t\t\t\t<\/div>\n\t\t\t\t\t<\/div>\n\t\t<\/div>\n\t\t\t\t<div class=\"elementor-column elementor-col-33 elementor-inner-column elementor-element elementor-element-63a18f4\" data-id=\"63a18f4\" data-element_type=\"column\">\n\t\t\t<div class=\"elementor-widget-wrap elementor-element-populated\">\n\t\t\t\t\t\t<div class=\"elementor-element elementor-element-605dcd5 elementor-widget elementor-widget-image\" data-id=\"605dcd5\" data-element_type=\"widget\" data-widget_type=\"image.default\">\n\t\t\t\t<div class=\"elementor-widget-container\">\n\t\t\t\t\t\t\t\t\t\t\t\t\t\t\t<img decoding=\"async\" width=\"300\" height=\"235\" src=\"https:\/\/kosmetikbysara.ch\/wp-content\/uploads\/2024\/12\/prod3-300x235.png\" class=\"attachment-medium size-medium wp-image-306\" alt=\"\" \/>\t\t\t\t\t\t\t\t\t\t\t\t\t\t\t<\/div>\n\t\t\t\t<\/div>\n\t\t\t\t\t<\/div>\n\t\t<\/div>\n\t\t\t\t\t<\/div>\n\t\t<\/section>\n\t\t\t\t\t<\/div>\n\t\t<\/div>\n\t\t\t\t\t<\/div>\n\t\t<\/section>\n\t\t\t\t<\/div>\n\t\t","protected":false},"excerpt":{"rendered":"<p>Hand- &#038; Fusspflege Hand- und Fusspflege mit Paraffin, Peeling und Massage: Nach einem Peeling werden H\u00e4nde und F\u00fcsse gr\u00fcndlich in [&hellip;]<\/p>\n","protected":false},"author":2,"featured_media":0,"parent":0,"menu_order":0,"comment_status":"closed","ping_status":"closed","template":"","meta":{"site-sidebar-layout":"no-sidebar","site-content-layout":"","ast-site-content-layout":"full-width-container","site-content-style":"default","site-sidebar-style":"default","ast-global-header-display":"","ast-banner-title-visibility":"","ast-main-header-display":"","ast-hfb-above-header-display":"","ast-hfb-below-header-display":"","ast-hfb-mobile-header-display":"","site-post-title":"disabled","ast-breadcrumbs-content":"","ast-featured-img":"disabled","footer-sml-layout":"","theme-transparent-header-meta":"","adv-header-id-meta":"","stick-header-meta":"","header-above-stick-meta":"","header-main-stick-meta":"","header-below-stick-meta":"","astra-migrate-meta-layouts":"default","ast-page-background-enabled":"default","ast-page-background-meta":{"desktop":{"background-color":"var(--ast-global-color-4)","background-image":"","background-repeat":"repeat","background-position":"center center","background-size":"auto","background-attachment":"scroll","background-type":"","background-media":"","overlay-type":"","overlay-color":"","overlay-opacity":"","overlay-gradient":""},"tablet":{"background-color":"","background-image":"","background-repeat":"repeat","background-position":"center center","background-size":"auto","background-attachment":"scroll","background-type":"","background-media":"","overlay-type":"","overlay-color":"","overlay-opacity":"","overlay-gradient":""},"mobile":{"background-color":"","background-image":"","background-repeat":"repeat","background-position":"center center","background-size":"auto","background-attachment":"scroll","background-type":"","background-media":"","overlay-type":"","overlay-color":"","overlay-opacity":"","overlay-gradient":""}},"ast-content-background-meta":{"desktop":{"background-color":"var(--ast-global-color-5)","background-image":"","background-repeat":"repeat","background-position":"center center","background-size":"auto","background-attachment":"scroll","background-type":"","background-media":"","overlay-type":"","overlay-color":"","overlay-opacity":"","overlay-gradient":""},"tablet":{"background-color":"var(--ast-global-color-5)","background-image":"","background-repeat":"repeat","background-position":"center center","background-size":"auto","background-attachment":"scroll","background-type":"","background-media":"","overlay-type":"","overlay-color":"","overlay-opacity":"","overlay-gradient":""},"mobile":{"background-color":"var(--ast-global-color-5)","background-image":"","background-repeat":"repeat","background-position":"center center","background-size":"auto","background-attachment":"scroll","background-type":"","background-media":"","overlay-type":"","overlay-color":"","overlay-opacity":"","overlay-gradient":""}},"footnotes":""},"class_list":["post-258","page","type-page","status-publish","hentry"],"_links":{"self":[{"href":"https:\/\/kosmetikbysara.ch\/index.php?rest_route=\/wp\/v2\/pages\/258","targetHints":{"allow":["GET"]}}],"collection":[{"href":"https:\/\/kosmetikbysara.ch\/index.php?rest_route=\/wp\/v2\/pages"}],"about":[{"href":"https:\/\/kosmetikbysara.ch\/index.php?rest_route=\/wp\/v2\/types\/page"}],"author":[{"embeddable":true,"href":"https:\/\/kosmetikbysara.ch\/index.php?rest_route=\/wp\/v2\/users\/2"}],"replies":[{"embeddable":true,"href":"https:\/\/kosmetikbysara.ch\/index.php?rest_route=%2Fwp%2Fv2%2Fcomments&post=258"}],"version-history":[{"count":74,"href":"https:\/\/kosmetikbysara.ch\/index.php?rest_route=\/wp\/v2\/pages\/258\/revisions"}],"predecessor-version":[{"id":539,"href":"https:\/\/kosmetikbysara.ch\/index.php?rest_route=\/wp\/v2\/pages\/258\/revisions\/539"}],"wp:attachment":[{"href":"https:\/\/kosmetikbysara.ch\/index.php?rest_route=%2Fwp%2Fv2%2Fmedia&parent=258"}],"curies":[{"name":"wp","href":"https:\/\/api.w.org\/{rel}","templated":true}]}}